{"id":1315,"date":"2023-03-21T19:57:50","date_gmt":"2023-03-21T19:57:50","guid":{"rendered":"https:\/\/coblue.com.br\/store\/?post_type=product&#038;p=1315"},"modified":"2023-06-09T20:16:36","modified_gmt":"2023-06-09T20:16:36","slug":"validacao-okr-especialista","status":"publish","type":"product","link":"https:\/\/coblue.com.br\/store\/produto\/validacao-okr-especialista\/","title":{"rendered":"Valida\u00e7\u00e3o de OKRs com especialista CoBlue"},"content":{"rendered":"\t\t<div data-elementor-type=\"wp-post\" data-elementor-id=\"1315\" class=\"elementor elementor-1315\">\n\t\t\t\t\t\t<section class=\"elementor-section elementor-top-section elementor-element elementor-element-be30b38 elementor-section-boxed elementor-section-height-default elementor-section-height-default\" data-id=\"be30b38\" data-element_type=\"section\" data-settings=\"{&quot;background_background&quot;:&quot;classic&quot;}\">\n\t\t\t\t\t\t<div class=\"elementor-container elementor-column-gap-default\">\n\t\t\t\t\t<div class=\"elementor-column elementor-col-100 elementor-top-column elementor-element elementor-element-ba16872\" data-id=\"ba16872\" data-element_type=\"column\">\n\t\t\t<div class=\"elementor-widget-wrap elementor-element-populated\">\n\t\t\t\t\t\t<div class=\"elementor-element elementor-element-06f6fbc elementor-widget elementor-widget-heading\" data-id=\"06f6fbc\" data-element_type=\"widget\" data-widget_type=\"heading.default\">\n\t\t\t\t<div class=\"elementor-widget-container\">\n\t\t\t\t\t<h3 class=\"elementor-heading-title elementor-size-default\">Para quem \u00e9 esse servi\u00e7o?<\/h3>\t\t\t\t<\/div>\n\t\t\t\t<\/div>\n\t\t\t\t<div class=\"elementor-element elementor-element-993ae2e elementor-widget elementor-widget-text-editor\" data-id=\"993ae2e\" data-element_type=\"widget\" data-widget_type=\"text-editor.default\">\n\t\t\t\t<div class=\"elementor-widget-container\">\n\t\t\t\t\t\t\t\t\t<p>Esse servi\u00e7o \u00e9 direcionado para empresas que est\u00e3o iniciando o processo de implementa\u00e7\u00e3o dos OKRs e precisam de aux\u00edlio conceitual na constru\u00e7\u00e3o dos OKRs t\u00e1ticos e operacionais. Tamb\u00e9m \u00e9 indicado para empresas que j\u00e1 trabalham com OKRs e desejam aux\u00edlio durante a transi\u00e7\u00e3o de ciclo.<\/p>\t\t\t\t\t\t\t\t<\/div>\n\t\t\t\t<\/div>\n\t\t\t\t\t<\/div>\n\t\t<\/div>\n\t\t\t\t\t<\/div>\n\t\t<\/section>\n\t\t\t\t<section class=\"elementor-section elementor-top-section elementor-element elementor-element-706fbf46 elementor-section-boxed elementor-section-height-default elementor-section-height-default\" data-id=\"706fbf46\" data-element_type=\"section\">\n\t\t\t\t\t\t<div class=\"elementor-container elementor-column-gap-wider\">\n\t\t\t\t\t<div class=\"elementor-column elementor-col-100 elementor-top-column elementor-element elementor-element-2f384b36\" data-id=\"2f384b36\" data-element_type=\"column\">\n\t\t\t<div class=\"elementor-widget-wrap elementor-element-populated\">\n\t\t\t\t\t\t<section class=\"elementor-section elementor-inner-section elementor-element elementor-element-4a34950c elementor-section-boxed elementor-section-height-default elementor-section-height-default\" data-id=\"4a34950c\" data-element_type=\"section\">\n\t\t\t\t\t\t<div class=\"elementor-container elementor-column-gap-default\">\n\t\t\t\t\t<div class=\"elementor-column elementor-col-100 elementor-inner-column elementor-element elementor-element-26cbec0f\" data-id=\"26cbec0f\" data-element_type=\"column\">\n\t\t\t<div class=\"elementor-widget-wrap elementor-element-populated\">\n\t\t\t\t\t\t<div class=\"elementor-element elementor-element-26571ca0 elementor-widget elementor-widget-heading\" data-id=\"26571ca0\" data-element_type=\"widget\" data-widget_type=\"heading.default\">\n\t\t\t\t<div class=\"elementor-widget-container\">\n\t\t\t\t\t<h4 class=\"elementor-heading-title elementor-size-default\">Roteiro valida\u00e7\u00e3o dos OKRs<\/h4>\t\t\t\t<\/div>\n\t\t\t\t<\/div>\n\t\t\t\t\t<\/div>\n\t\t<\/div>\n\t\t\t\t\t<\/div>\n\t\t<\/section>\n\t\t\t\t<div class=\"elementor-element elementor-element-63528f16 elementor-view-stacked elementor-position-left elementor-shape-circle elementor-mobile-position-top elementor-vertical-align-top elementor-widget elementor-widget-icon-box\" data-id=\"63528f16\" data-element_type=\"widget\" data-widget_type=\"icon-box.default\">\n\t\t\t\t<div class=\"elementor-widget-container\">\n\t\t\t\t\t\t\t<div class=\"elementor-icon-box-wrapper\">\n\n\t\t\t\t\t\t<div class=\"elementor-icon-box-icon\">\n\t\t\t\t<span  class=\"elementor-icon\">\n\t\t\t\t<i aria-hidden=\"true\" class=\"fas fa-plus\"><\/i>\t\t\t\t<\/span>\n\t\t\t<\/div>\n\t\t\t\n\t\t\t\t\t\t<div class=\"elementor-icon-box-content\">\n\n\t\t\t\t\n\t\t\t\t\t\t\t\t\t<p class=\"elementor-icon-box-description\">\n\t\t\t\t\t\t\u25b7 Valida\u00e7\u00e3o do OKR Organizacional <br> <br>\n\u25b7 Apresenta\u00e7\u00e3o do OKR Organizacional <br><br>\n\n\n\u25b7 Valida\u00e7\u00e3o dos OKRs por equipes, \u00e1reas ou diretorias<br>\n\n<br><span style=\", sans-serif;font-size: 16px;font-style: normal;font-weight: 400\">\u25b7 Apresenta\u00e7\u00e3o do organograma\/mapa estrat\u00e9gico dos OKRs<\/span><br><br><span style=\", sans-serif;font-size: 16px;font-style: normal;font-weight: 400\">\u25b7 Apresenta\u00e7\u00e3o do m\u00f3dulo daily e valida\u00e7\u00e3o de iniciativas<\/span><br>\n\n<br><span style=\", sans-serif;font-size: 16px;font-style: normal;font-weight: 400\">\u25b7 Dicas pr\u00e1ticas sobre atualiza\u00e7\u00e3o e gest\u00e3o dos resultados<\/span>\t\t\t\t\t<\/p>\n\t\t\t\t\n\t\t\t<\/div>\n\t\t\t\n\t\t<\/div>\n\t\t\t\t\t\t<\/div>\n\t\t\t\t<\/div>\n\t\t\t\t\t<\/div>\n\t\t<\/div>\n\t\t\t\t\t<\/div>\n\t\t<\/section>\n\t\t\t\t<section class=\"elementor-section elementor-top-section elementor-element elementor-element-738ab0c elementor-section-boxed elementor-section-height-default elementor-section-height-default\" data-id=\"738ab0c\" data-element_type=\"section\">\n\t\t\t\t\t\t<div class=\"elementor-container elementor-column-gap-default\">\n\t\t\t\t\t<div class=\"elementor-column elementor-col-100 elementor-top-column elementor-element elementor-element-d09226b\" data-id=\"d09226b\" data-element_type=\"column\">\n\t\t\t<div class=\"elementor-widget-wrap elementor-element-populated\">\n\t\t\t\t\t\t<div class=\"elementor-element elementor-element-cc975b4 elementor-widget-divider--view-line elementor-widget elementor-widget-divider\" data-id=\"cc975b4\" data-element_type=\"widget\" data-widget_type=\"divider.default\">\n\t\t\t\t<div class=\"elementor-widget-container\">\n\t\t\t\t\t\t\t<div class=\"elementor-divider\">\n\t\t\t<span class=\"elementor-divider-separator\">\n\t\t\t\t\t\t<\/span>\n\t\t<\/div>\n\t\t\t\t\t\t<\/div>\n\t\t\t\t<\/div>\n\t\t\t\t<div class=\"elementor-element elementor-element-1d11696 elementor-align-center elementor-widget elementor-widget-button\" data-id=\"1d11696\" data-element_type=\"widget\" data-widget_type=\"button.default\">\n\t\t\t\t<div class=\"elementor-widget-container\">\n\t\t\t\t\t\t\t\t\t<div class=\"elementor-button-wrapper\">\n\t\t\t\t\t<a class=\"elementor-button elementor-button-link elementor-size-lg\" href=\"https:\/\/promo.coblue.com.br\/store-conversao\">\n\t\t\t\t\t\t<span class=\"elementor-button-content-wrapper\">\n\t\t\t\t\t\t\t\t\t<span class=\"elementor-button-text\">Solicite Or\u00e7amento<\/span>\n\t\t\t\t\t<\/span>\n\t\t\t\t\t<\/a>\n\t\t\t\t<\/div>\n\t\t\t\t\t\t\t\t<\/div>\n\t\t\t\t<\/div>\n\t\t\t\t\t<\/div>\n\t\t<\/div>\n\t\t\t\t\t<\/div>\n\t\t<\/section>\n\t\t\t\t<\/div>\n\t\t","protected":false},"excerpt":{"rendered":"<p><strong>\ud83d\udcb2 Valores podem variar. Solicite um or\u00e7amento!<\/strong><\/p>\n<p><span style=\"font-weight: 500;\">\ud83c\udfaf<\/span><span style=\"font-weight: 500;\">\u00a0 Orientar conceitualmente l\u00edderes e equipes durante a constru\u00e7\u00e3o e valida\u00e7\u00e3o dos OKRs estrat\u00e9gicos.<\/span><\/p>\n<p>\ud83c\udf93 Abordagem pr\u00e1tica.<\/p>\n<p>\ud83d\udcc5 Sess\u00f5es dispon\u00edveis online via Google Meet ou presencialmente (sob consulta).<\/p>\n<p>\ud83d\udd50 Dura\u00e7\u00e3o total de 4 horas (para at\u00e9 25 pessoas).<\/p>\n","protected":false},"featured_media":1316,"template":"","meta":[],"product_brand":[],"product_cat":[123,153],"product_tag":[],"class_list":{"0":"post-1315","1":"product","2":"type-product","3":"status-publish","4":"has-post-thumbnail","6":"product_cat-servicos","7":"product_cat-validacao-de-okrs","9":"first","10":"instock","11":"shipping-taxable","12":"product-type-external"},"_links":{"self":[{"href":"https:\/\/coblue.com.br\/store\/wp-json\/wp\/v2\/product\/1315","targetHints":{"allow":["GET"]}}],"collection":[{"href":"https:\/\/coblue.com.br\/store\/wp-json\/wp\/v2\/product"}],"about":[{"href":"https:\/\/coblue.com.br\/store\/wp-json\/wp\/v2\/types\/product"}],"version-history":[{"count":27,"href":"https:\/\/coblue.com.br\/store\/wp-json\/wp\/v2\/product\/1315\/revisions"}],"predecessor-version":[{"id":1730,"href":"https:\/\/coblue.com.br\/store\/wp-json\/wp\/v2\/product\/1315\/revisions\/1730"}],"wp:featuredmedia":[{"embeddable":true,"href":"https:\/\/coblue.com.br\/store\/wp-json\/wp\/v2\/media\/1316"}],"wp:attachment":[{"href":"https:\/\/coblue.com.br\/store\/wp-json\/wp\/v2\/media?parent=1315"}],"wp:term":[{"taxonomy":"product_brand","embeddable":true,"href":"https:\/\/coblue.com.br\/store\/wp-json\/wp\/v2\/product_brand?post=1315"},{"taxonomy":"product_cat","embeddable":true,"href":"https:\/\/coblue.com.br\/store\/wp-json\/wp\/v2\/product_cat?post=1315"},{"taxonomy":"product_tag","embeddable":true,"href":"https:\/\/coblue.com.br\/store\/wp-json\/wp\/v2\/product_tag?post=1315"}],"curies":[{"name":"wp","href":"https:\/\/api.w.org\/{rel}","templated":true}]}}