{"id":1324,"date":"2023-03-21T20:31:42","date_gmt":"2023-03-21T20:31:42","guid":{"rendered":"https:\/\/coblue.com.br\/store\/?post_type=product&#038;p=1324"},"modified":"2023-06-02T18:58:40","modified_gmt":"2023-06-02T18:58:40","slug":"workshop-okr-metas","status":"publish","type":"product","link":"https:\/\/coblue.com.br\/store\/produto\/workshop-okr-metas\/","title":{"rendered":"Workshop de OKRs e Metas"},"content":{"rendered":"\t\t<div data-elementor-type=\"wp-post\" data-elementor-id=\"1324\" class=\"elementor elementor-1324\">\n\t\t\t\t\t\t<section class=\"elementor-section elementor-top-section elementor-element elementor-element-f6acc90 elementor-section-boxed elementor-section-height-default elementor-section-height-default\" data-id=\"f6acc90\" data-element_type=\"section\" data-settings=\"{&quot;background_background&quot;:&quot;classic&quot;}\">\n\t\t\t\t\t\t<div class=\"elementor-container elementor-column-gap-default\">\n\t\t\t\t\t<div class=\"elementor-column elementor-col-100 elementor-top-column elementor-element elementor-element-7172590\" data-id=\"7172590\" data-element_type=\"column\">\n\t\t\t<div class=\"elementor-widget-wrap elementor-element-populated\">\n\t\t\t\t\t\t<div class=\"elementor-element elementor-element-b07d244 elementor-widget elementor-widget-heading\" data-id=\"b07d244\" data-element_type=\"widget\" data-widget_type=\"heading.default\">\n\t\t\t\t<div class=\"elementor-widget-container\">\n\t\t\t\t\t<h3 class=\"elementor-heading-title elementor-size-default\">Para quem \u00e9 esse servi\u00e7o?<\/h3>\t\t\t\t<\/div>\n\t\t\t\t<\/div>\n\t\t\t\t<div class=\"elementor-element elementor-element-ef01237 elementor-widget elementor-widget-text-editor\" data-id=\"ef01237\" data-element_type=\"widget\" data-widget_type=\"text-editor.default\">\n\t\t\t\t<div class=\"elementor-widget-container\">\n\t\t\t\t\t\t\t\t\t<p>Esse servi\u00e7o \u00e9 indicado para empresas que est\u00e3o iniciando a implementa\u00e7\u00e3o de OKRs e desejam receber aux\u00edlio tanto conceitual quanto pr\u00e1tico na constru\u00e7\u00e3o de seus OKRs estrat\u00e9gicos e t\u00e1ticos.<\/p>\t\t\t\t\t\t\t\t<\/div>\n\t\t\t\t<\/div>\n\t\t\t\t\t<\/div>\n\t\t<\/div>\n\t\t\t\t\t<\/div>\n\t\t<\/section>\n\t\t\t\t<section class=\"elementor-section elementor-top-section elementor-element elementor-element-706fbf46 elementor-section-boxed elementor-section-height-default elementor-section-height-default\" data-id=\"706fbf46\" data-element_type=\"section\">\n\t\t\t\t\t\t<div class=\"elementor-container elementor-column-gap-wider\">\n\t\t\t\t\t<div class=\"elementor-column elementor-col-100 elementor-top-column elementor-element elementor-element-2f384b36\" data-id=\"2f384b36\" data-element_type=\"column\">\n\t\t\t<div class=\"elementor-widget-wrap elementor-element-populated\">\n\t\t\t\t\t\t<section class=\"elementor-section elementor-inner-section elementor-element elementor-element-4a34950c elementor-section-boxed elementor-section-height-default elementor-section-height-default\" data-id=\"4a34950c\" data-element_type=\"section\">\n\t\t\t\t\t\t<div class=\"elementor-container elementor-column-gap-default\">\n\t\t\t\t\t<div class=\"elementor-column elementor-col-100 elementor-inner-column elementor-element elementor-element-26cbec0f\" data-id=\"26cbec0f\" data-element_type=\"column\">\n\t\t\t<div class=\"elementor-widget-wrap elementor-element-populated\">\n\t\t\t\t\t\t<div class=\"elementor-element elementor-element-26571ca0 elementor-widget elementor-widget-heading\" data-id=\"26571ca0\" data-element_type=\"widget\" data-widget_type=\"heading.default\">\n\t\t\t\t<div class=\"elementor-widget-container\">\n\t\t\t\t\t<h4 class=\"elementor-heading-title elementor-size-default\">Roteiro Workshop de OKRs e Metas<\/h4>\t\t\t\t<\/div>\n\t\t\t\t<\/div>\n\t\t\t\t\t<\/div>\n\t\t<\/div>\n\t\t\t\t\t<\/div>\n\t\t<\/section>\n\t\t\t\t<div class=\"elementor-element elementor-element-63528f16 elementor-view-stacked elementor-position-left elementor-shape-circle elementor-mobile-position-top elementor-vertical-align-top elementor-widget elementor-widget-icon-box\" data-id=\"63528f16\" data-element_type=\"widget\" data-widget_type=\"icon-box.default\">\n\t\t\t\t<div class=\"elementor-widget-container\">\n\t\t\t\t\t\t\t<div class=\"elementor-icon-box-wrapper\">\n\n\t\t\t\t\t\t<div class=\"elementor-icon-box-icon\">\n\t\t\t\t<span  class=\"elementor-icon\">\n\t\t\t\t<i aria-hidden=\"true\" class=\"fas fa-plus\"><\/i>\t\t\t\t<\/span>\n\t\t\t<\/div>\n\t\t\t\n\t\t\t\t\t\t<div class=\"elementor-icon-box-content\">\n\n\t\t\t\t\n\t\t\t\t\t\t\t\t\t<p class=\"elementor-icon-box-description\">\n\t\t\t\t\t\t\u25b7 Conceitual de OKR e Metas\n<br> <br>\n\u25b7 Como construir Objetivos, Resultados-Chave, Metas, KPIs e iniciativas.\n<br> <br>\n\u25b7 Din\u00e2mica 1 - Diferenciando conceitos\n<br> <br>\n\u25b7Din\u00e2mica 2 - Construindo OKRs\n<br> <br>\n\u25b7 Din\u00e2mica 3 - Validando OKRs\n<br> <br>\n\u25b7 Din\u00e2mica 4 - Construindo Iniciativas\n<br> <br>\n\u25b7  Timeline de OKR, gest\u00e3o \u00e1gil e dicas pr\u00e1ticas\n<br> <br>\n\u25b7  Gest\u00e3o dos OKRs\n<br> <br>\n\u25b7 D\u00favidas e discuss\u00e3o final\n\t\t\t\t\t<\/p>\n\t\t\t\t\n\t\t\t<\/div>\n\t\t\t\n\t\t<\/div>\n\t\t\t\t\t\t<\/div>\n\t\t\t\t<\/div>\n\t\t\t\t<div class=\"elementor-element elementor-element-db2f2ce elementor-widget elementor-widget-spacer\" data-id=\"db2f2ce\" data-element_type=\"widget\" data-widget_type=\"spacer.default\">\n\t\t\t\t<div class=\"elementor-widget-container\">\n\t\t\t\t\t\t\t<div class=\"elementor-spacer\">\n\t\t\t<div class=\"elementor-spacer-inner\"><\/div>\n\t\t<\/div>\n\t\t\t\t\t\t<\/div>\n\t\t\t\t<\/div>\n\t\t\t\t<div class=\"elementor-element elementor-element-0e9df68 elementor-align-center elementor-widget elementor-widget-button\" data-id=\"0e9df68\" data-element_type=\"widget\" data-widget_type=\"button.default\">\n\t\t\t\t<div class=\"elementor-widget-container\">\n\t\t\t\t\t\t\t\t\t<div class=\"elementor-button-wrapper\">\n\t\t\t\t\t<a class=\"elementor-button elementor-button-link elementor-size-lg\" href=\"https:\/\/promo.coblue.com.br\/store-conversao\">\n\t\t\t\t\t\t<span class=\"elementor-button-content-wrapper\">\n\t\t\t\t\t\t\t\t\t<span class=\"elementor-button-text\">Solicite um Or\u00e7amento<\/span>\n\t\t\t\t\t<\/span>\n\t\t\t\t\t<\/a>\n\t\t\t\t<\/div>\n\t\t\t\t\t\t\t\t<\/div>\n\t\t\t\t<\/div>\n\t\t\t\t\t<\/div>\n\t\t<\/div>\n\t\t\t\t\t<\/div>\n\t\t<\/section>\n\t\t\t\t<\/div>\n\t\t","protected":false},"excerpt":{"rendered":"<p><strong>\ud83d\udcb2 Valores podem variar. Solicite um or\u00e7amento!<\/strong><\/p>\n<p><span style=\"font-weight: 500;\">\ud83c\udfaf<\/span><span style=\"font-weight: 500;\"> Preparar l\u00edderes e equipes para compreender o modelo e estarem aptos para construir seus pr\u00f3prios OKRs.<\/span><\/p>\n<p>\ud83c\udf93 Abordagem pr\u00e1tica e te\u00f3rica.<\/p>\n<p>\ud83d\udcc5 Sess\u00f5es dispon\u00edveis online via Google Meet ou presencialmente (sob consulta).<\/p>\n<p><span style=\"font-weight: 500;\">\ud83d\udd50 Dura\u00e7\u00e3o de 4 a 6 horas <\/span><span style=\"font-weight: 500;\">(para at\u00e9 25 pessoas).<\/span><\/p>\n","protected":false},"featured_media":1325,"template":"","meta":[],"product_brand":[],"product_cat":[123,150],"product_tag":[],"class_list":{"0":"post-1324","1":"product","2":"type-product","3":"status-publish","4":"has-post-thumbnail","6":"product_cat-servicos","7":"product_cat-workshop","9":"first","10":"instock","11":"shipping-taxable","12":"product-type-external"},"_links":{"self":[{"href":"https:\/\/coblue.com.br\/store\/wp-json\/wp\/v2\/product\/1324","targetHints":{"allow":["GET"]}}],"collection":[{"href":"https:\/\/coblue.com.br\/store\/wp-json\/wp\/v2\/product"}],"about":[{"href":"https:\/\/coblue.com.br\/store\/wp-json\/wp\/v2\/types\/product"}],"version-history":[{"count":31,"href":"https:\/\/coblue.com.br\/store\/wp-json\/wp\/v2\/product\/1324\/revisions"}],"predecessor-version":[{"id":1645,"href":"https:\/\/coblue.com.br\/store\/wp-json\/wp\/v2\/product\/1324\/revisions\/1645"}],"wp:featuredmedia":[{"embeddable":true,"href":"https:\/\/coblue.com.br\/store\/wp-json\/wp\/v2\/media\/1325"}],"wp:attachment":[{"href":"https:\/\/coblue.com.br\/store\/wp-json\/wp\/v2\/media?parent=1324"}],"wp:term":[{"taxonomy":"product_brand","embeddable":true,"href":"https:\/\/coblue.com.br\/store\/wp-json\/wp\/v2\/product_brand?post=1324"},{"taxonomy":"product_cat","embeddable":true,"href":"https:\/\/coblue.com.br\/store\/wp-json\/wp\/v2\/product_cat?post=1324"},{"taxonomy":"product_tag","embeddable":true,"href":"https:\/\/coblue.com.br\/store\/wp-json\/wp\/v2\/product_tag?post=1324"}],"curies":[{"name":"wp","href":"https:\/\/api.w.org\/{rel}","templated":true}]}}