{"id":1341,"date":"2023-03-21T21:54:22","date_gmt":"2023-03-21T21:54:22","guid":{"rendered":"https:\/\/coblue.com.br\/store\/?post_type=product&#038;p=1341"},"modified":"2023-06-09T20:11:23","modified_gmt":"2023-06-09T20:11:23","slug":"meetup","status":"publish","type":"product","link":"https:\/\/coblue.com.br\/store\/produto\/meetup\/","title":{"rendered":"Meetup com especialista CoBlue"},"content":{"rendered":"\t\t<div data-elementor-type=\"wp-post\" data-elementor-id=\"1341\" class=\"elementor elementor-1341\">\n\t\t\t\t\t\t<section class=\"elementor-section elementor-top-section elementor-element elementor-element-be30b38 elementor-section-boxed elementor-section-height-default elementor-section-height-default\" data-id=\"be30b38\" data-element_type=\"section\" data-settings=\"{&quot;background_background&quot;:&quot;classic&quot;}\">\n\t\t\t\t\t\t<div class=\"elementor-container elementor-column-gap-default\">\n\t\t\t\t\t<div class=\"elementor-column elementor-col-100 elementor-top-column elementor-element elementor-element-ba16872\" data-id=\"ba16872\" data-element_type=\"column\">\n\t\t\t<div class=\"elementor-widget-wrap elementor-element-populated\">\n\t\t\t\t\t\t<div class=\"elementor-element elementor-element-06f6fbc elementor-widget elementor-widget-heading\" data-id=\"06f6fbc\" data-element_type=\"widget\" data-widget_type=\"heading.default\">\n\t\t\t\t<div class=\"elementor-widget-container\">\n\t\t\t\t\t<h3 class=\"elementor-heading-title elementor-size-default\">Para quem \u00e9 esse servi\u00e7o?<\/h3>\t\t\t\t<\/div>\n\t\t\t\t<\/div>\n\t\t\t\t<div class=\"elementor-element elementor-element-993ae2e elementor-widget elementor-widget-text-editor\" data-id=\"993ae2e\" data-element_type=\"widget\" data-widget_type=\"text-editor.default\">\n\t\t\t\t<div class=\"elementor-widget-container\">\n\t\t\t\t\t\t\t\t\t<p>Esse servi\u00e7o \u00e9 direcionado a empresas que est\u00e3o em qualquer etapa de implanta\u00e7\u00e3o de OKRs e precisam de aux\u00edlio conceitual, alinhando os conceitos da metodologia com aspectos reais e pr\u00e1ticos do seu neg\u00f3cio. \u00c9 uma oportunidade de tirar d\u00favidas em tempo real com especialistas em OKRs, permitindo aos participantes obterem insights valiosos e solu\u00e7\u00f5es personalizadas para suas necessidades espec\u00edficas.<\/p><p><span style=\"letter-spacing: 0px;\">\u00a0<\/span><\/p><p><span style=\"letter-spacing: 0px;\">A tem\u00e1tica de cada Meetup \u00e9 definida em conjunto com o cliente, que tem a oportunidade de propor quest\u00f5es e exemplos pr\u00e1ticos para que o consultor possa auxili\u00e1-los da melhor forma poss\u00edvel na resolu\u00e7\u00e3o dos desafios relacionados aos OKRs.<\/span><\/p>\t\t\t\t\t\t\t\t<\/div>\n\t\t\t\t<\/div>\n\t\t\t\t\t<\/div>\n\t\t<\/div>\n\t\t\t\t\t<\/div>\n\t\t<\/section>\n\t\t\t\t<section class=\"elementor-section elementor-top-section elementor-element elementor-element-738ab0c elementor-section-boxed elementor-section-height-default elementor-section-height-default\" data-id=\"738ab0c\" data-element_type=\"section\">\n\t\t\t\t\t\t<div class=\"elementor-container elementor-column-gap-default\">\n\t\t\t\t\t<div class=\"elementor-column elementor-col-100 elementor-top-column elementor-element elementor-element-d09226b\" data-id=\"d09226b\" data-element_type=\"column\">\n\t\t\t<div class=\"elementor-widget-wrap elementor-element-populated\">\n\t\t\t\t\t\t<div class=\"elementor-element elementor-element-e9be05d elementor-align-center elementor-widget elementor-widget-button\" data-id=\"e9be05d\" data-element_type=\"widget\" data-widget_type=\"button.default\">\n\t\t\t\t<div class=\"elementor-widget-container\">\n\t\t\t\t\t\t\t\t\t<div class=\"elementor-button-wrapper\">\n\t\t\t\t\t<a class=\"elementor-button elementor-button-link elementor-size-lg\" href=\"https:\/\/promo.coblue.com.br\/store-conversao\">\n\t\t\t\t\t\t<span class=\"elementor-button-content-wrapper\">\n\t\t\t\t\t\t\t\t\t<span class=\"elementor-button-text\">Solicite Or\u00e7amento<\/span>\n\t\t\t\t\t<\/span>\n\t\t\t\t\t<\/a>\n\t\t\t\t<\/div>\n\t\t\t\t\t\t\t\t<\/div>\n\t\t\t\t<\/div>\n\t\t\t\t\t<\/div>\n\t\t<\/div>\n\t\t\t\t\t<\/div>\n\t\t<\/section>\n\t\t\t\t<\/div>\n\t\t","protected":false},"excerpt":{"rendered":"<p>\ud83d\udcb2 <strong>Valores podem sofrer altera\u00e7\u00f5es. Solicite um or\u00e7amento!<\/strong><\/p>\n<p>\ud83c\udfaf Tirar d\u00favidas conceituais sobre a implanta\u00e7\u00e3o de OKRs na empresa e alinhar conceitos com a realidade pr\u00e1tica do neg\u00f3cio. Os temas e d\u00favidas s\u00e3o trazidos pelo contratante.<\/p>\n<p>\ud83c\udf93 Abordagem te\u00f3rica.<\/p>\n<p>\ud83d\udcc5 Sess\u00f5es dispon\u00edveis online via Google Meet ou presencialmente (sob consulta).<\/p>\n<p>\ud83d\udd50 Dura\u00e7\u00e3o de 1 a 2 horas (para at\u00e9 25 pessoas).<\/p>\n","protected":false},"featured_media":1342,"template":"","meta":[],"product_brand":[],"product_cat":[123],"product_tag":[],"class_list":{"0":"post-1341","1":"product","2":"type-product","3":"status-publish","4":"has-post-thumbnail","6":"product_cat-servicos","8":"first","9":"instock","10":"shipping-taxable","11":"product-type-external"},"_links":{"self":[{"href":"https:\/\/coblue.com.br\/store\/wp-json\/wp\/v2\/product\/1341","targetHints":{"allow":["GET"]}}],"collection":[{"href":"https:\/\/coblue.com.br\/store\/wp-json\/wp\/v2\/product"}],"about":[{"href":"https:\/\/coblue.com.br\/store\/wp-json\/wp\/v2\/types\/product"}],"version-history":[{"count":28,"href":"https:\/\/coblue.com.br\/store\/wp-json\/wp\/v2\/product\/1341\/revisions"}],"predecessor-version":[{"id":1725,"href":"https:\/\/coblue.com.br\/store\/wp-json\/wp\/v2\/product\/1341\/revisions\/1725"}],"wp:featuredmedia":[{"embeddable":true,"href":"https:\/\/coblue.com.br\/store\/wp-json\/wp\/v2\/media\/1342"}],"wp:attachment":[{"href":"https:\/\/coblue.com.br\/store\/wp-json\/wp\/v2\/media?parent=1341"}],"wp:term":[{"taxonomy":"product_brand","embeddable":true,"href":"https:\/\/coblue.com.br\/store\/wp-json\/wp\/v2\/product_brand?post=1341"},{"taxonomy":"product_cat","embeddable":true,"href":"https:\/\/coblue.com.br\/store\/wp-json\/wp\/v2\/product_cat?post=1341"},{"taxonomy":"product_tag","embeddable":true,"href":"https:\/\/coblue.com.br\/store\/wp-json\/wp\/v2\/product_tag?post=1341"}],"curies":[{"name":"wp","href":"https:\/\/api.w.org\/{rel}","templated":true}]}}