{"id":1382,"date":"2023-05-03T10:09:20","date_gmt":"2023-05-03T10:09:20","guid":{"rendered":"https:\/\/coblue.com.br\/store\/?post_type=product&#038;p=1382"},"modified":"2023-06-03T01:02:30","modified_gmt":"2023-06-03T01:02:30","slug":"relatorio-enps","status":"publish","type":"product","link":"https:\/\/coblue.com.br\/store\/produto\/relatorio-enps\/","title":{"rendered":"Relat\u00f3rios eNPS"},"content":{"rendered":"\t\t<div data-elementor-type=\"wp-post\" data-elementor-id=\"1382\" class=\"elementor elementor-1382\">\n\t\t\t\t\t\t<section class=\"elementor-section elementor-top-section elementor-element elementor-element-d120b9b elementor-section-boxed elementor-section-height-default elementor-section-height-default\" data-id=\"d120b9b\" data-element_type=\"section\">\n\t\t\t\t\t\t<div class=\"elementor-container elementor-column-gap-default\">\n\t\t\t\t\t<div class=\"elementor-column elementor-col-100 elementor-top-column elementor-element elementor-element-0c2100a\" data-id=\"0c2100a\" data-element_type=\"column\">\n\t\t\t<div class=\"elementor-widget-wrap elementor-element-populated\">\n\t\t\t\t\t\t<div class=\"elementor-element elementor-element-0cf026f elementor-align-center elementor-widget elementor-widget-button\" data-id=\"0cf026f\" data-element_type=\"widget\" data-widget_type=\"button.default\">\n\t\t\t\t<div class=\"elementor-widget-container\">\n\t\t\t\t\t\t\t\t\t<div class=\"elementor-button-wrapper\">\n\t\t\t\t\t<a class=\"elementor-button elementor-button-link elementor-size-lg\" href=\"https:\/\/promo.coblue.com.br\/store-conversao\">\n\t\t\t\t\t\t<span class=\"elementor-button-content-wrapper\">\n\t\t\t\t\t\t\t\t\t<span class=\"elementor-button-text\">Solicite Or\u00e7amento<\/span>\n\t\t\t\t\t<\/span>\n\t\t\t\t\t<\/a>\n\t\t\t\t<\/div>\n\t\t\t\t\t\t\t\t<\/div>\n\t\t\t\t<\/div>\n\t\t\t\t\t<\/div>\n\t\t<\/div>\n\t\t\t\t\t<\/div>\n\t\t<\/section>\n\t\t\t\t<\/div>\n\t\t","protected":false},"excerpt":{"rendered":"<p><strong>\ud83d\udcb2 Valores podem variar. Solicite um or\u00e7amento!<\/strong><\/p>\n<p>Confira a propor\u00e7\u00e3o de promoteres, neutros e detratores da sua empresa. Veja a m\u00e9dia geral, acompanhe resultados por \u00e1reas e grupos de cargos, e crie planos de a\u00e7\u00e3o para melhorar os resultados.<\/p>\n<p>\u2714 Veja com rapidez o \u00edndice de promotores e detratores da sua empresa<\/p>\n<p>\u2714 Acompanhe resultados por equipes<\/p>\n<p>\u2714 Personalize o relat\u00f3rio com as informa\u00e7\u00f5es que mais fazem sentido para sua gest\u00e3o<\/p>\n","protected":false},"featured_media":1210,"template":"","meta":[],"product_brand":[],"product_cat":[124],"product_tag":[],"class_list":{"0":"post-1382","1":"product","2":"type-product","3":"status-publish","4":"has-post-thumbnail","6":"product_cat-relatorios","8":"first","9":"instock","10":"shipping-taxable","11":"product-type-external"},"_links":{"self":[{"href":"https:\/\/coblue.com.br\/store\/wp-json\/wp\/v2\/product\/1382","targetHints":{"allow":["GET"]}}],"collection":[{"href":"https:\/\/coblue.com.br\/store\/wp-json\/wp\/v2\/product"}],"about":[{"href":"https:\/\/coblue.com.br\/store\/wp-json\/wp\/v2\/types\/product"}],"version-history":[{"count":11,"href":"https:\/\/coblue.com.br\/store\/wp-json\/wp\/v2\/product\/1382\/revisions"}],"predecessor-version":[{"id":1692,"href":"https:\/\/coblue.com.br\/store\/wp-json\/wp\/v2\/product\/1382\/revisions\/1692"}],"wp:featuredmedia":[{"embeddable":true,"href":"https:\/\/coblue.com.br\/store\/wp-json\/wp\/v2\/media\/1210"}],"wp:attachment":[{"href":"https:\/\/coblue.com.br\/store\/wp-json\/wp\/v2\/media?parent=1382"}],"wp:term":[{"taxonomy":"product_brand","embeddable":true,"href":"https:\/\/coblue.com.br\/store\/wp-json\/wp\/v2\/product_brand?post=1382"},{"taxonomy":"product_cat","embeddable":true,"href":"https:\/\/coblue.com.br\/store\/wp-json\/wp\/v2\/product_cat?post=1382"},{"taxonomy":"product_tag","embeddable":true,"href":"https:\/\/coblue.com.br\/store\/wp-json\/wp\/v2\/product_tag?post=1382"}],"curies":[{"name":"wp","href":"https:\/\/api.w.org\/{rel}","templated":true}]}}