{"id":1592,"date":"2023-06-01T19:24:58","date_gmt":"2023-06-01T19:24:58","guid":{"rendered":"https:\/\/coblue.com.br\/store\/?post_type=product&#038;p=1592"},"modified":"2023-06-03T00:12:14","modified_gmt":"2023-06-03T00:12:14","slug":"avaliacao-desempenho","status":"publish","type":"product","link":"https:\/\/coblue.com.br\/store\/produto\/avaliacao-desempenho\/","title":{"rendered":"Avalia\u00e7\u00e3o de Desempenho"},"content":{"rendered":"\t\t<div data-elementor-type=\"wp-post\" data-elementor-id=\"1592\" class=\"elementor elementor-1592\">\n\t\t\t\t\t\t<section class=\"elementor-section elementor-top-section elementor-element elementor-element-d120b9b elementor-section-boxed elementor-section-height-default elementor-section-height-default\" data-id=\"d120b9b\" data-element_type=\"section\">\n\t\t\t\t\t\t<div class=\"elementor-container elementor-column-gap-default\">\n\t\t\t\t\t<div class=\"elementor-column elementor-col-100 elementor-top-column elementor-element elementor-element-0c2100a\" data-id=\"0c2100a\" data-element_type=\"column\">\n\t\t\t<div class=\"elementor-widget-wrap elementor-element-populated\">\n\t\t\t\t\t\t<div class=\"elementor-element elementor-element-521a53b elementor-align-center elementor-widget elementor-widget-button\" data-id=\"521a53b\" data-element_type=\"widget\" data-widget_type=\"button.default\">\n\t\t\t\t<div class=\"elementor-widget-container\">\n\t\t\t\t\t\t\t\t\t<div class=\"elementor-button-wrapper\">\n\t\t\t\t\t<a class=\"elementor-button elementor-button-link elementor-size-lg\" href=\"https:\/\/promo.coblue.com.br\/store-conversao\">\n\t\t\t\t\t\t<span class=\"elementor-button-content-wrapper\">\n\t\t\t\t\t\t\t\t\t<span class=\"elementor-button-text\">Solicite Or\u00e7amento<\/span>\n\t\t\t\t\t<\/span>\n\t\t\t\t\t<\/a>\n\t\t\t\t<\/div>\n\t\t\t\t\t\t\t\t<\/div>\n\t\t\t\t<\/div>\n\t\t\t\t\t<\/div>\n\t\t<\/div>\n\t\t\t\t\t<\/div>\n\t\t<\/section>\n\t\t\t\t<\/div>\n\t\t","protected":false},"excerpt":{"rendered":"<p><strong>\ud83d\udcb2 Valores podem variar. Solicite um or\u00e7amento!<\/strong><\/p>\n<p>Nosso template de Avalia\u00e7\u00e3o de Desempenho ir\u00e1 te ajudar a avaliar o desempenho de seus colaboradores de forma eficiente e estruturada. Com este template, voc\u00ea poder\u00e1 criar avalia\u00e7\u00f5es personalizadas, adaptadas \u00e0s necessidades espec\u00edficas da sua organiza\u00e7\u00e3o.<\/p>\n<p>\u2714 Tenha uma avalia\u00e7\u00e3o estruturada<\/p>\n<p>\u2714 Identifique pontos fortes e \u00e1reas de melhoria<\/p>\n<p>\u2714Tomada de decis\u00e3o com base em dados<\/p>\n","protected":false},"featured_media":1599,"template":"","meta":[],"product_brand":[],"product_cat":[125],"product_tag":[],"class_list":{"0":"post-1592","1":"product","2":"type-product","3":"status-publish","4":"has-post-thumbnail","6":"product_cat-avaliacoes","8":"first","9":"instock","10":"shipping-taxable","11":"product-type-external"},"_links":{"self":[{"href":"https:\/\/coblue.com.br\/store\/wp-json\/wp\/v2\/product\/1592","targetHints":{"allow":["GET"]}}],"collection":[{"href":"https:\/\/coblue.com.br\/store\/wp-json\/wp\/v2\/product"}],"about":[{"href":"https:\/\/coblue.com.br\/store\/wp-json\/wp\/v2\/types\/product"}],"version-history":[{"count":8,"href":"https:\/\/coblue.com.br\/store\/wp-json\/wp\/v2\/product\/1592\/revisions"}],"predecessor-version":[{"id":1672,"href":"https:\/\/coblue.com.br\/store\/wp-json\/wp\/v2\/product\/1592\/revisions\/1672"}],"wp:featuredmedia":[{"embeddable":true,"href":"https:\/\/coblue.com.br\/store\/wp-json\/wp\/v2\/media\/1599"}],"wp:attachment":[{"href":"https:\/\/coblue.com.br\/store\/wp-json\/wp\/v2\/media?parent=1592"}],"wp:term":[{"taxonomy":"product_brand","embeddable":true,"href":"https:\/\/coblue.com.br\/store\/wp-json\/wp\/v2\/product_brand?post=1592"},{"taxonomy":"product_cat","embeddable":true,"href":"https:\/\/coblue.com.br\/store\/wp-json\/wp\/v2\/product_cat?post=1592"},{"taxonomy":"product_tag","embeddable":true,"href":"https:\/\/coblue.com.br\/store\/wp-json\/wp\/v2\/product_tag?post=1592"}],"curies":[{"name":"wp","href":"https:\/\/api.w.org\/{rel}","templated":true}]}}