{"id":1617,"date":"2023-06-01T20:12:23","date_gmt":"2023-06-01T20:12:23","guid":{"rendered":"https:\/\/coblue.com.br\/store\/?post_type=product&#038;p=1617"},"modified":"2023-06-02T23:09:40","modified_gmt":"2023-06-02T23:09:40","slug":"avaliacao-de-competencias","status":"publish","type":"product","link":"https:\/\/coblue.com.br\/store\/produto\/avaliacao-de-competencias\/","title":{"rendered":"Avalia\u00e7\u00e3o de Compet\u00eancias"},"content":{"rendered":"\t\t<div data-elementor-type=\"wp-post\" data-elementor-id=\"1617\" class=\"elementor elementor-1617\">\n\t\t\t\t\t\t<section class=\"elementor-section elementor-top-section elementor-element elementor-element-d120b9b elementor-section-boxed elementor-section-height-default elementor-section-height-default\" data-id=\"d120b9b\" data-element_type=\"section\">\n\t\t\t\t\t\t<div class=\"elementor-container elementor-column-gap-default\">\n\t\t\t\t\t<div class=\"elementor-column elementor-col-100 elementor-top-column elementor-element elementor-element-0c2100a\" data-id=\"0c2100a\" data-element_type=\"column\">\n\t\t\t<div class=\"elementor-widget-wrap elementor-element-populated\">\n\t\t\t\t\t\t<div class=\"elementor-element elementor-element-2539b87 elementor-align-center elementor-widget elementor-widget-button\" data-id=\"2539b87\" data-element_type=\"widget\" data-widget_type=\"button.default\">\n\t\t\t\t<div class=\"elementor-widget-container\">\n\t\t\t\t\t\t\t\t\t<div class=\"elementor-button-wrapper\">\n\t\t\t\t\t<a class=\"elementor-button elementor-button-link elementor-size-lg\" href=\"https:\/\/promo.coblue.com.br\/store-conversao\">\n\t\t\t\t\t\t<span class=\"elementor-button-content-wrapper\">\n\t\t\t\t\t\t\t\t\t<span class=\"elementor-button-text\">Solicite Or\u00e7amento<\/span>\n\t\t\t\t\t<\/span>\n\t\t\t\t\t<\/a>\n\t\t\t\t<\/div>\n\t\t\t\t\t\t\t\t<\/div>\n\t\t\t\t<\/div>\n\t\t\t\t\t<\/div>\n\t\t<\/div>\n\t\t\t\t\t<\/div>\n\t\t<\/section>\n\t\t\t\t<\/div>\n\t\t","protected":false},"excerpt":{"rendered":"<p><strong>\ud83d\udcb2 Valores podem variar. Solicite um or\u00e7amento!<\/strong><\/p>\n<p>A Avalia\u00e7\u00e3o de Compet\u00eancias \u00e9 uma ferramenta essencial para mapear e avaliar as compet\u00eancias dos colaboradores de forma objetiva e estruturada. Com crit\u00e9rios claros esse template permite identificar as habilidades e conhecimentos-chave de cada indiv\u00edduo, fornecendo insights valiosos para o desenvolvimento pessoal e profissional.<\/p>\n<p>\u2714 Identifique pontos fortes e \u00e1reas de melhoria.<\/p>\n<p>\u2714 Entenda as lacunas de habilidades na equipe e direcionamento para programas de capacita\u00e7\u00e3o.<\/p>\n<p>\u2714 Melhora sua tomada de decis\u00f5es relacionadas a promo\u00e7\u00f5es, aloca\u00e7\u00e3o de projetos e planos de sucess\u00e3o.<\/p>\n","protected":false},"featured_media":1599,"template":"","meta":[],"product_brand":[],"product_cat":[125],"product_tag":[],"class_list":{"0":"post-1617","1":"product","2":"type-product","3":"status-publish","4":"has-post-thumbnail","6":"product_cat-avaliacoes","8":"first","9":"instock","10":"shipping-taxable","11":"product-type-external"},"_links":{"self":[{"href":"https:\/\/coblue.com.br\/store\/wp-json\/wp\/v2\/product\/1617","targetHints":{"allow":["GET"]}}],"collection":[{"href":"https:\/\/coblue.com.br\/store\/wp-json\/wp\/v2\/product"}],"about":[{"href":"https:\/\/coblue.com.br\/store\/wp-json\/wp\/v2\/types\/product"}],"version-history":[{"count":8,"href":"https:\/\/coblue.com.br\/store\/wp-json\/wp\/v2\/product\/1617\/revisions"}],"predecessor-version":[{"id":1654,"href":"https:\/\/coblue.com.br\/store\/wp-json\/wp\/v2\/product\/1617\/revisions\/1654"}],"wp:featuredmedia":[{"embeddable":true,"href":"https:\/\/coblue.com.br\/store\/wp-json\/wp\/v2\/media\/1599"}],"wp:attachment":[{"href":"https:\/\/coblue.com.br\/store\/wp-json\/wp\/v2\/media?parent=1617"}],"wp:term":[{"taxonomy":"product_brand","embeddable":true,"href":"https:\/\/coblue.com.br\/store\/wp-json\/wp\/v2\/product_brand?post=1617"},{"taxonomy":"product_cat","embeddable":true,"href":"https:\/\/coblue.com.br\/store\/wp-json\/wp\/v2\/product_cat?post=1617"},{"taxonomy":"product_tag","embeddable":true,"href":"https:\/\/coblue.com.br\/store\/wp-json\/wp\/v2\/product_tag?post=1617"}],"curies":[{"name":"wp","href":"https:\/\/api.w.org\/{rel}","templated":true}]}}