{"id":1622,"date":"2023-06-01T20:17:06","date_gmt":"2023-06-01T20:17:06","guid":{"rendered":"https:\/\/coblue.com.br\/store\/?post_type=product&#038;p=1622"},"modified":"2023-06-02T23:08:41","modified_gmt":"2023-06-02T23:08:41","slug":"pesquisa-gptw","status":"publish","type":"product","link":"https:\/\/coblue.com.br\/store\/produto\/pesquisa-gptw\/","title":{"rendered":"Pesquisa GPTW"},"content":{"rendered":"\t\t<div data-elementor-type=\"wp-post\" data-elementor-id=\"1622\" class=\"elementor elementor-1622\">\n\t\t\t\t\t\t<section class=\"elementor-section elementor-top-section elementor-element elementor-element-d120b9b elementor-section-boxed elementor-section-height-default elementor-section-height-default\" data-id=\"d120b9b\" data-element_type=\"section\">\n\t\t\t\t\t\t<div class=\"elementor-container elementor-column-gap-default\">\n\t\t\t\t\t<div class=\"elementor-column elementor-col-100 elementor-top-column elementor-element elementor-element-0c2100a\" data-id=\"0c2100a\" data-element_type=\"column\">\n\t\t\t<div class=\"elementor-widget-wrap elementor-element-populated\">\n\t\t\t\t\t\t<div class=\"elementor-element elementor-element-9e5f416 elementor-align-center elementor-widget elementor-widget-button\" data-id=\"9e5f416\" data-element_type=\"widget\" data-widget_type=\"button.default\">\n\t\t\t\t<div class=\"elementor-widget-container\">\n\t\t\t\t\t\t\t\t\t<div class=\"elementor-button-wrapper\">\n\t\t\t\t\t<a class=\"elementor-button elementor-button-link elementor-size-lg\" href=\"https:\/\/promo.coblue.com.br\/store-conversao\">\n\t\t\t\t\t\t<span class=\"elementor-button-content-wrapper\">\n\t\t\t\t\t\t\t\t\t<span class=\"elementor-button-text\">Solicite Or\u00e7amento<\/span>\n\t\t\t\t\t<\/span>\n\t\t\t\t\t<\/a>\n\t\t\t\t<\/div>\n\t\t\t\t\t\t\t\t<\/div>\n\t\t\t\t<\/div>\n\t\t\t\t\t<\/div>\n\t\t<\/div>\n\t\t\t\t\t<\/div>\n\t\t<\/section>\n\t\t\t\t<\/div>\n\t\t","protected":false},"excerpt":{"rendered":"<p><strong>\ud83d\udcb2 Valores podem variar. Solicite um or\u00e7amento!<\/strong><\/p>\n<p>A Pesquisa GPTW \u00e9 uma ferramenta completa para realizar pesquisas de clima organizacional baseadas nos padr\u00f5es do Great Place to Work. Com perguntas estrategicamente selecionadas, permite obter insights valiosos sobre a percep\u00e7\u00e3o dos colaboradores em rela\u00e7\u00e3o \u00e0 cultura, ambiente de trabalho e pr\u00e1ticas de gest\u00e3o da empresa.<\/p>\n<p>\u2714 Entenda o clima organizacional da sua empresa<\/p>\n<p>\u2714 Identifique pontos fortes e \u00e1reas de melhoria.<\/p>\n<p>\u2714 Obtenha feedback direto dos colaborador, promovendo a participa\u00e7\u00e3o e engajamento.<\/p>\n","protected":false},"featured_media":1599,"template":"","meta":[],"product_brand":[],"product_cat":[125],"product_tag":[],"class_list":{"0":"post-1622","1":"product","2":"type-product","3":"status-publish","4":"has-post-thumbnail","6":"product_cat-avaliacoes","8":"first","9":"instock","10":"shipping-taxable","11":"product-type-external"},"_links":{"self":[{"href":"https:\/\/coblue.com.br\/store\/wp-json\/wp\/v2\/product\/1622","targetHints":{"allow":["GET"]}}],"collection":[{"href":"https:\/\/coblue.com.br\/store\/wp-json\/wp\/v2\/product"}],"about":[{"href":"https:\/\/coblue.com.br\/store\/wp-json\/wp\/v2\/types\/product"}],"version-history":[{"count":9,"href":"https:\/\/coblue.com.br\/store\/wp-json\/wp\/v2\/product\/1622\/revisions"}],"predecessor-version":[{"id":1650,"href":"https:\/\/coblue.com.br\/store\/wp-json\/wp\/v2\/product\/1622\/revisions\/1650"}],"wp:featuredmedia":[{"embeddable":true,"href":"https:\/\/coblue.com.br\/store\/wp-json\/wp\/v2\/media\/1599"}],"wp:attachment":[{"href":"https:\/\/coblue.com.br\/store\/wp-json\/wp\/v2\/media?parent=1622"}],"wp:term":[{"taxonomy":"product_brand","embeddable":true,"href":"https:\/\/coblue.com.br\/store\/wp-json\/wp\/v2\/product_brand?post=1622"},{"taxonomy":"product_cat","embeddable":true,"href":"https:\/\/coblue.com.br\/store\/wp-json\/wp\/v2\/product_cat?post=1622"},{"taxonomy":"product_tag","embeddable":true,"href":"https:\/\/coblue.com.br\/store\/wp-json\/wp\/v2\/product_tag?post=1622"}],"curies":[{"name":"wp","href":"https:\/\/api.w.org\/{rel}","templated":true}]}}